{"id":61,"date":"2017-09-28T22:25:20","date_gmt":"2017-09-28T22:25:20","guid":{"rendered":"http:\/\/choriosa.ch\/?page_id=61"},"modified":"2025-06-13T15:12:17","modified_gmt":"2025-06-13T15:12:17","slug":"chorleiter","status":"publish","type":"page","link":"https:\/\/choriosa.ch\/?page_id=61","title":{"rendered":"Unser Chorleiter"},"content":{"rendered":"<div id=\"pl-61\"  class=\"panel-layout\" ><div id=\"pg-61-0\"  class=\"panel-grid panel-no-style\" ><div id=\"pgc-61-0-0\"  class=\"panel-grid-cell panel-grid-cell-empty\" ><\/div><div id=\"pgc-61-0-1\"  class=\"panel-grid-cell\" ><div id=\"panel-61-0-1-0\" class=\"so-panel widget widget_sow-editor panel-first-child panel-last-child\" data-index=\"0\" ><div\n\t\t\t\n\t\t\tclass=\"so-widget-sow-editor so-widget-sow-editor-base\"\n\t\t\t\n\t\t>\n<div class=\"siteorigin-widget-tinymce textwidget\">\n\t<p><span style=\"color: #000000;\"><strong>Yves Neuhaus<br \/>\n<\/strong><\/span><\/p>\n<p><span style=\"color: #000000;\">Seit August 2022 leitet Yves Neuhaus den Chor. Er \u00fcbernahm von Christoph Prendl (2017 bis Mitte 2022), davor hatte Lukas Merkelbach die Leitung (2008 bis 2016).<\/span><\/p>\n<p><span style=\"color: #000000;\">Yves Neuhaus-Richli (*1979) erhielt mit bereits 5 Jahren Violinunterricht und studierte nach der Matura am Gymnasium Oberwil in Z\u00fcrich und Basel Violine und Schulmusik. Danach unterrichtete er als Violinlehrer an verschiedenen Musikschulen. Yves Neuhaus interessierte sich fr\u00fch f\u00fcr verschiedene Musikrichtungen und Instrumente und gr\u00fcndete mit 13 Jahren seine erste Band.<\/span><\/p>\n<p><span style=\"color: #000000;\">Erste Erfahrungen als Chorleiter machte er w\u00e4hrend des Studiums am Gymnasium M\u00fcnchenstein und leitete sp\u00e4ter in einer Co-Leitung einige Jahre den Chor des Gymnasiums Oberwil, wo er ab 2008 auch unterrichtete. Von Sutermeisters \u00abKantate Nr. 2\u00bb \u00fcber Mendelssohns \u00abElias\u00bb, Bachs \u00abJesu meine Freude\u00bb und Honeggers \u00abRoi David\u00bb f\u00fchrte\u00b7der Chor verschiedene Werke auf.<\/span><\/p>\n<p><span style=\"color: #000000;\">Seit 2020 unterrichtet Yves Neuhaus Musik am Gymnasium Leonhard in Basel. Daneben ist er als <strong>SoIo-Loop-Musker Neuhaus<\/strong> unterwegs, spielt Kontrabass bei der Chanson-Pop-Band <strong>Mistral<\/strong>, ver\u00f6ffentlicht mit seiner Ur-Band <strong>The Amber Unit<\/strong> regelmassig Songs und Alben und spielt nach M\u00f6glichkeit als Geiger bei Orchester- und Kammermusikprojekten. Yves Neuhaus ist verheiratet und Vater dreier Kinder.<\/span><\/p>\n<p><span style=\"color: #000000;\">Seit August 2022 leitet und dirigiert Yves Neuhaus den gemischten Chor Choriosa Basel.<\/span><\/p>\n<p>&nbsp;<\/p>\n<\/div>\n<\/div><\/div><\/div><div id=\"pgc-61-0-2\"  class=\"panel-grid-cell\" ><div id=\"panel-61-0-2-0\" class=\"so-panel widget widget_sow-image panel-first-child panel-last-child\" data-index=\"1\" ><div\n\t\t\t\n\t\t\tclass=\"so-widget-sow-image so-widget-sow-image-default-d6014b76747a-61\"\n\t\t\t\n\t\t>\n\n<div class=\"sow-image-container\">\n\t\t<img decoding=\"async\" src=\"https:\/\/choriosa.ch\/wp-content\/uploads\/2017\/09\/YvesNeuhaus.jpg\" width=\"1333\" height=\"2000\" srcset=\"https:\/\/choriosa.ch\/wp-content\/uploads\/2017\/09\/YvesNeuhaus.jpg 1333w, https:\/\/choriosa.ch\/wp-content\/uploads\/2017\/09\/YvesNeuhaus-200x300.jpg 200w, https:\/\/choriosa.ch\/wp-content\/uploads\/2017\/09\/YvesNeuhaus-768x1152.jpg 768w, https:\/\/choriosa.ch\/wp-content\/uploads\/2017\/09\/YvesNeuhaus-682x1024.jpg 682w\" sizes=\"auto, (max-width: 1333px) 100vw, 1333px\" alt=\"\" loading=\"lazy\" \t\tclass=\"so-widget-image\"\/>\n\t<\/div>\n\n<\/div><\/div><\/div><\/div><\/div>","protected":false},"excerpt":{"rendered":"<p>Yves Neuhaus Seit August 2022 leitet Yves Neuhaus den Chor. Er \u00fcbernahm von Christoph Prendl (2017 bis Mitte 2022), davor hatte Lukas Merkelbach die Leitung (2008 bis 2016). Yves Neuhaus-Richli (*1979) erhielt mit bereits 5 Jahren Violinunterricht und studierte nach<\/p>\n","protected":false},"author":1,"featured_media":0,"parent":52,"menu_order":1,"comment_status":"closed","ping_status":"closed","template":"","meta":{"footnotes":""},"class_list":["post-61","page","type-page","status-publish","hentry"],"_links":{"self":[{"href":"https:\/\/choriosa.ch\/index.php?rest_route=\/wp\/v2\/pages\/61","targetHints":{"allow":["GET"]}}],"collection":[{"href":"https:\/\/choriosa.ch\/index.php?rest_route=\/wp\/v2\/pages"}],"about":[{"href":"https:\/\/choriosa.ch\/index.php?rest_route=\/wp\/v2\/types\/page"}],"author":[{"embeddable":true,"href":"https:\/\/choriosa.ch\/index.php?rest_route=\/wp\/v2\/users\/1"}],"replies":[{"embeddable":true,"href":"https:\/\/choriosa.ch\/index.php?rest_route=%2Fwp%2Fv2%2Fcomments&post=61"}],"version-history":[{"count":37,"href":"https:\/\/choriosa.ch\/index.php?rest_route=\/wp\/v2\/pages\/61\/revisions"}],"predecessor-version":[{"id":3340,"href":"https:\/\/choriosa.ch\/index.php?rest_route=\/wp\/v2\/pages\/61\/revisions\/3340"}],"up":[{"embeddable":true,"href":"https:\/\/choriosa.ch\/index.php?rest_route=\/wp\/v2\/pages\/52"}],"wp:attachment":[{"href":"https:\/\/choriosa.ch\/index.php?rest_route=%2Fwp%2Fv2%2Fmedia&parent=61"}],"curies":[{"name":"wp","href":"https:\/\/api.w.org\/{rel}","templated":true}]}}