{"id":3277,"date":"2025-05-21T19:40:34","date_gmt":"2025-05-21T19:40:34","guid":{"rendered":"http:\/\/choriosa.ch\/?page_id=3277"},"modified":"2025-06-13T15:13:44","modified_gmt":"2025-06-13T15:13:44","slug":"zum-reinhoeren","status":"publish","type":"page","link":"https:\/\/choriosa.ch\/?page_id=3277","title":{"rendered":"Zum Reinh\u00f6ren"},"content":{"rendered":"<div id=\"pl-3277\"  class=\"panel-layout\" ><div id=\"pg-3277-0\"  class=\"panel-grid panel-no-style\" ><div id=\"pgc-3277-0-0\"  class=\"panel-grid-cell\" ><div id=\"panel-3277-0-0-0\" class=\"so-panel widget widget_sow-editor panel-first-child panel-last-child\" data-index=\"0\" ><div\n\t\t\t\n\t\t\tclass=\"so-widget-sow-editor so-widget-sow-editor-base\"\n\t\t\t\n\t\t>\n<div class=\"siteorigin-widget-tinymce textwidget\">\n\t<p><span style=\"color: #000000;\"><strong>May It Be<\/strong><\/span><\/p>\n<p><span style=\"color: #000000;\">Soundtrack zum Film \"The Lord of the Rings\"<\/span><\/p>\n<p><span style=\"color: #000000;\">by Eithne Ni Bhraonain, Nicky Ryan and Roma Ryan, 2001<\/span><\/p>\n<\/div>\n<\/div><\/div><\/div><div id=\"pgc-3277-0-1\"  class=\"panel-grid-cell\" ><div id=\"panel-3277-0-1-0\" class=\"so-panel widget widget_media_video panel-first-child panel-last-child\" data-index=\"1\" ><div style=\"width:100%;\" class=\"wp-video\"><video class=\"wp-video-shortcode\" id=\"video-3277-1\" preload=\"metadata\" controls=\"controls\"><source type=\"video\/mp4\" src=\"https:\/\/choriosa.ch\/wp-content\/uploads\/2017\/09\/Mayitbe.m4v?_=1\" \/><source type=\"video\/mp4\" src=\"http:\/\/choriosa.ch\/wp-content\/uploads\/2017\/09\/Mayitbe.m4v?_=1\" \/><a href=\"https:\/\/choriosa.ch\/wp-content\/uploads\/2017\/09\/Mayitbe.m4v\">https:\/\/choriosa.ch\/wp-content\/uploads\/2017\/09\/Mayitbe.m4v<\/a><\/video><\/div><\/div><\/div><div id=\"pgc-3277-0-2\"  class=\"panel-grid-cell\" ><div id=\"panel-3277-0-2-0\" class=\"so-panel widget widget_sow-editor panel-first-child panel-last-child\" data-index=\"2\" ><div\n\t\t\t\n\t\t\tclass=\"so-widget-sow-editor so-widget-sow-editor-base\"\n\t\t\t\n\t\t>\n<div class=\"siteorigin-widget-tinymce textwidget\">\n\t<p><span style=\"color: #000000;\"><strong>Choriosa-Einspielungen<\/strong> 8. bis 10. Juni 2018<\/span><\/p>\n<p><span style=\"color: #000000;\"><strong>Cinema Choriosa<\/strong>\u00a0- Sing mir das Lied vom Film<\/span><\/p>\n<p><span style=\"color: #000000;\">Leitung: <strong>Christoph Prendl<\/strong><\/span><\/p>\n<p><span style=\"color: #000000;\">Filme:\u00a0<strong>Rebecca Pichler<\/strong> &amp;<strong> Margarete Polus<\/strong><\/span><\/p>\n<\/div>\n<\/div><\/div><\/div><\/div><div id=\"pg-3277-1\"  class=\"panel-grid panel-no-style\" ><div id=\"pgc-3277-1-0\"  class=\"panel-grid-cell\" ><div id=\"panel-3277-1-0-0\" class=\"so-panel widget widget_sow-editor panel-first-child panel-last-child\" data-index=\"3\" ><div\n\t\t\t\n\t\t\tclass=\"so-widget-sow-editor so-widget-sow-editor-base\"\n\t\t\t\n\t\t>\n<div class=\"siteorigin-widget-tinymce textwidget\">\n\t<p><span style=\"color: #000000;\"><strong>Skyfall<\/strong><\/span><\/p>\n<p><span style=\"color: #000000;\">Soundtrack zum James Bond Film \"Skyfall\"<\/span><\/p>\n<p><span style=\"color: #000000;\">by Thomas Newman, 2012<\/span><\/p>\n<\/div>\n<\/div><\/div><\/div><div id=\"pgc-3277-1-1\"  class=\"panel-grid-cell\" ><div id=\"panel-3277-1-1-0\" class=\"so-panel widget widget_media_video panel-first-child\" data-index=\"4\" ><div style=\"width:100%;\" class=\"wp-video\"><video class=\"wp-video-shortcode\" id=\"video-3277-2\" preload=\"metadata\" controls=\"controls\"><source type=\"video\/mp4\" src=\"https:\/\/choriosa.ch\/wp-content\/uploads\/2017\/09\/Skyfall.m4v?_=2\" \/><source type=\"video\/mp4\" src=\"http:\/\/choriosa.ch\/wp-content\/uploads\/2017\/09\/Skyfall.m4v?_=2\" \/><a href=\"https:\/\/choriosa.ch\/wp-content\/uploads\/2017\/09\/Skyfall.m4v\">https:\/\/choriosa.ch\/wp-content\/uploads\/2017\/09\/Skyfall.m4v<\/a><\/video><\/div><\/div><div id=\"panel-3277-1-1-1\" class=\"so-panel widget widget_sow-editor panel-last-child\" data-index=\"5\" ><div\n\t\t\t\n\t\t\tclass=\"so-widget-sow-editor so-widget-sow-editor-base\"\n\t\t\t\n\t\t>\n<div class=\"siteorigin-widget-tinymce textwidget\">\n\t<\/div>\n<\/div><\/div><\/div><div id=\"pgc-3277-1-2\"  class=\"panel-grid-cell\" ><div id=\"panel-3277-1-2-0\" class=\"so-panel widget widget_sow-editor panel-first-child panel-last-child\" data-index=\"6\" ><div\n\t\t\t\n\t\t\tclass=\"so-widget-sow-editor so-widget-sow-editor-base\"\n\t\t\t\n\t\t>\n<div class=\"siteorigin-widget-tinymce textwidget\">\n\t<p><span style=\"color: #000000;\">Unsere W\u00fcnsche f\u00fcr einen hoffnungsvollen und leichten Fr\u00fchling, Sommer und Herbst 2021:<\/span><\/p>\n<hr \/>\n<\/div>\n<\/div><\/div><\/div><\/div><\/div>","protected":false},"excerpt":{"rendered":"<p>May It Be Soundtrack zum Film &#8222;The Lord of the Rings&#8220; by Eithne Ni Bhraonain, Nicky Ryan and Roma Ryan, 2001 Choriosa-Einspielungen 8. bis 10. Juni 2018 Cinema Choriosa\u00a0&#8211; Sing mir das Lied vom Film Leitung: Christoph Prendl Filme:\u00a0Rebecca Pichler<\/p>\n","protected":false},"author":1,"featured_media":0,"parent":0,"menu_order":0,"comment_status":"closed","ping_status":"closed","template":"","meta":{"footnotes":""},"class_list":["post-3277","page","type-page","status-publish","hentry"],"_links":{"self":[{"href":"https:\/\/choriosa.ch\/index.php?rest_route=\/wp\/v2\/pages\/3277","targetHints":{"allow":["GET"]}}],"collection":[{"href":"https:\/\/choriosa.ch\/index.php?rest_route=\/wp\/v2\/pages"}],"about":[{"href":"https:\/\/choriosa.ch\/index.php?rest_route=\/wp\/v2\/types\/page"}],"author":[{"embeddable":true,"href":"https:\/\/choriosa.ch\/index.php?rest_route=\/wp\/v2\/users\/1"}],"replies":[{"embeddable":true,"href":"https:\/\/choriosa.ch\/index.php?rest_route=%2Fwp%2Fv2%2Fcomments&post=3277"}],"version-history":[{"count":23,"href":"https:\/\/choriosa.ch\/index.php?rest_route=\/wp\/v2\/pages\/3277\/revisions"}],"predecessor-version":[{"id":3344,"href":"https:\/\/choriosa.ch\/index.php?rest_route=\/wp\/v2\/pages\/3277\/revisions\/3344"}],"wp:attachment":[{"href":"https:\/\/choriosa.ch\/index.php?rest_route=%2Fwp%2Fv2%2Fmedia&parent=3277"}],"curies":[{"name":"wp","href":"https:\/\/api.w.org\/{rel}","templated":true}]}}