{"id":104,"date":"2017-09-28T23:44:17","date_gmt":"2017-09-28T23:44:17","guid":{"rendered":"http:\/\/choriosa.ch\/?page_id=104"},"modified":"2026-04-14T19:45:17","modified_gmt":"2026-04-14T19:45:17","slug":"home","status":"publish","type":"page","link":"https:\/\/choriosa.ch\/?page_id=104","title":{"rendered":"Aktuelles"},"content":{"rendered":"<div id=\"pl-104\"  class=\"panel-layout\" ><div id=\"pg-104-0\"  class=\"panel-grid panel-has-style\" ><div class=\"panel-row-style panel-row-style-for-104-0\" ><div id=\"pgc-104-0-0\"  class=\"panel-grid-cell\" ><div id=\"panel-104-0-0-0\" class=\"so-panel widget widget_sow-editor panel-first-child panel-last-child\" data-index=\"0\" ><div\n\t\t\t\n\t\t\tclass=\"so-widget-sow-editor so-widget-sow-editor-base\"\n\t\t\t\n\t\t>\n<div class=\"siteorigin-widget-tinymce textwidget\">\n\t<p><span class=\"details-author-name d-block\" style=\"color: #000000;\"><span class=\"details-work-name d-block\"><strong>Wir feiern unser<br \/>\n20-j\u00e4hriges Bestehen.<\/strong><\/span><\/span><\/p>\n<\/div>\n<\/div><\/div><\/div><div id=\"pgc-104-0-1\"  class=\"panel-grid-cell\" ><div id=\"panel-104-0-1-0\" class=\"so-panel widget widget_sow-editor panel-first-child panel-last-child\" data-index=\"1\" ><div\n\t\t\t\n\t\t\tclass=\"so-widget-sow-editor so-widget-sow-editor-base\"\n\t\t\t\n\t\t>\n<div class=\"siteorigin-widget-tinymce textwidget\">\n\t<p>Choriosa bringt zum 20-j\u00e4hrigen Jubil\u00e4um das Werk \u00abMass\u00bb des amerikanischen Komponisten Steve Dobrogosz (*1956) auf die B\u00fchne. \u00abMass\u00bb aus dem Jahr 1992 z\u00e4hlt zu Dobrogoszs bekanntesten Kompositionen und verbindet klassische sakrale Formen und harmonische Strukturen mit einem hohen Anteil jazziger Elemente. Die Musik ist lebendig, \u00fcberraschend und von einer zeitgen\u00f6ssischen Tonsprache gepr\u00e4gt.<\/p>\n<p class=\"font-claude-response-body break-words whitespace-normal leading-[1.7]\">Die Begleitung durch den Pianisten Tobias R\u00fctti, das SONOS Quartett und den Kontrabassisten Michael B\u00fcrgin gibt dem Jubil\u00e4umskonzert einen festlichen Rahmen.<\/p>\n<p class=\"font-claude-response-body break-words whitespace-normal leading-[1.7]\">\u00abMass\u00bb bildet das Zentrum des Jubil\u00e4umsprogramms und wird durch das \u00abCredo\u00bb RV 592 von Antonio Vivaldi und \u00abDark Night of the Soul\u00bb von Old Gjeilo (*1978) stilistisch erweitert.<\/p>\n<p><strong>Auff\u00fchrungen:<\/strong><br \/>\n<strong>21. November 2026 im Zwinglihaus Basel<\/strong><br \/>\n<strong>22. November 2026 in der katholischen Kirche in Aesch<\/strong><\/p>\n<\/div>\n<\/div><\/div><\/div><div id=\"pgc-104-0-2\"  class=\"panel-grid-cell\" ><div id=\"panel-104-0-2-0\" class=\"so-panel widget widget_sow-editor panel-first-child panel-last-child\" data-index=\"2\" ><div\n\t\t\t\n\t\t\tclass=\"so-widget-sow-editor so-widget-sow-editor-base\"\n\t\t\t\n\t\t>\n<div class=\"siteorigin-widget-tinymce textwidget\">\n\t<p><a href=\"http:\/\/choriosa.ch\/wp-content\/uploads\/2026\/04\/PLakat-JubFin.pdf\" target=\"_blank\" rel=\"noopener\"><span class=\"details-author-name d-block\" style=\"color: #000000;\"><span class=\"details-work-name d-block\"><strong><img loading=\"lazy\" decoding=\"async\" class=\"alignnone size-full wp-image-3538\" src=\"http:\/\/choriosa.ch\/wp-content\/uploads\/2026\/04\/PLakat-JubFin-klein.jpg\" alt=\"\" width=\"1253\" height=\"1772\" srcset=\"https:\/\/choriosa.ch\/wp-content\/uploads\/2026\/04\/PLakat-JubFin-klein.jpg 1253w, https:\/\/choriosa.ch\/wp-content\/uploads\/2026\/04\/PLakat-JubFin-klein-212x300.jpg 212w, https:\/\/choriosa.ch\/wp-content\/uploads\/2026\/04\/PLakat-JubFin-klein-724x1024.jpg 724w, https:\/\/choriosa.ch\/wp-content\/uploads\/2026\/04\/PLakat-JubFin-klein-768x1086.jpg 768w, https:\/\/choriosa.ch\/wp-content\/uploads\/2026\/04\/PLakat-JubFin-klein-1086x1536.jpg 1086w\" sizes=\"auto, (max-width: 1253px) 100vw, 1253px\" \/><\/strong><\/span><\/span><\/a><\/p>\n<\/div>\n<\/div><\/div><\/div><\/div><\/div><\/div>","protected":false},"excerpt":{"rendered":"<p>Wir feiern unser 20-j\u00e4hriges Bestehen. Choriosa bringt zum 20-j\u00e4hrigen Jubil\u00e4um das Werk \u00abMass\u00bb des amerikanischen Komponisten Steve Dobrogosz (*1956) auf die B\u00fchne. \u00abMass\u00bb aus dem Jahr 1992 z\u00e4hlt zu Dobrogoszs bekanntesten Kompositionen und verbindet klassische sakrale Formen und harmonische Strukturen<\/p>\n","protected":false},"author":1,"featured_media":0,"parent":0,"menu_order":0,"comment_status":"closed","ping_status":"closed","template":"","meta":{"footnotes":""},"class_list":["post-104","page","type-page","status-publish","hentry"],"_links":{"self":[{"href":"https:\/\/choriosa.ch\/index.php?rest_route=\/wp\/v2\/pages\/104","targetHints":{"allow":["GET"]}}],"collection":[{"href":"https:\/\/choriosa.ch\/index.php?rest_route=\/wp\/v2\/pages"}],"about":[{"href":"https:\/\/choriosa.ch\/index.php?rest_route=\/wp\/v2\/types\/page"}],"author":[{"embeddable":true,"href":"https:\/\/choriosa.ch\/index.php?rest_route=\/wp\/v2\/users\/1"}],"replies":[{"embeddable":true,"href":"https:\/\/choriosa.ch\/index.php?rest_route=%2Fwp%2Fv2%2Fcomments&post=104"}],"version-history":[{"count":823,"href":"https:\/\/choriosa.ch\/index.php?rest_route=\/wp\/v2\/pages\/104\/revisions"}],"predecessor-version":[{"id":3551,"href":"https:\/\/choriosa.ch\/index.php?rest_route=\/wp\/v2\/pages\/104\/revisions\/3551"}],"wp:attachment":[{"href":"https:\/\/choriosa.ch\/index.php?rest_route=%2Fwp%2Fv2%2Fmedia&parent=104"}],"curies":[{"name":"wp","href":"https:\/\/api.w.org\/{rel}","templated":true}]}}